{"id":6159,"date":"2023-05-20T22:35:52","date_gmt":"2023-05-20T20:35:52","guid":{"rendered":"https:\/\/www.paraairaugsburg.de\/wp\/?page_id=6159"},"modified":"2024-04-16T10:48:46","modified_gmt":"2024-04-16T08:48:46","slug":"impressum-2","status":"publish","type":"page","link":"https:\/\/www.paraairaugsburg.de\/wp\/impressum-2\/","title":{"rendered":"Impressum"},"content":{"rendered":"<div class=\"inner_wrapper\">\n<div class=\"sidebar_content full_width\">\n<h2 class=\"wp-block-heading\">Angaben gem\u00e4\u00df \u00a7 5 TMG:<\/h2>\n<p>ParaAir Augsburg West e.V<\/p>\n<p>Bernhard Tochtermann<\/p>\n<p>Am Anger 16a<\/p>\n<p>86486 Bonstetten<\/p>\n<p>&nbsp;<\/p>\n<h2 class=\"wp-block-heading\">Vertreten\u00a0durch:<\/h2>\n<p>Bernhard Tochtermann (1. Vorstand)<\/p>\n<p>Hildegard B\u00fcscher (2. Vorstand)<\/p>\n<p>Werner M\u00fcller (Kassenwart)<\/p>\n<p>&nbsp;<\/p>\n<h2 class=\"wp-block-heading\">Kontakt:<\/h2>\n<p>Tel.: +49 8293 5013696<\/p>\n<p>vorstand@paraairaugsburg.de<\/p>\n<p>&nbsp;<\/p>\n<h2 class=\"wp-block-heading\">Registereintrag:<\/h2>\n<p>Eintragung im Vereinsregister<\/p>\n<p>Registergericht: Amtsgericht Augsburg<\/p>\n<p>Registernummer: VR 1843<\/p>\n<p>&nbsp;<\/p>\n<h2 class=\"wp-block-heading\">Verantwortlich f\u00fcr den Inhalt nach \u00a7 55\u00a0Abs. 2 RStV:<\/h2>\n<p>Michael Bauer<\/p>\n<p>Bernhard Tochtermann<\/p>\n<p>&nbsp;<\/p>\n<p>ParaAir Augsburg West e.V<\/p>\n<p>Am Anger 16a<\/p>\n<p>86486 Bonstetten<\/p>\n<p>&nbsp;<\/p>\n<p>&nbsp;<\/p>\n<h2 class=\"wp-block-heading\">Streitschlichtung<\/h2>\n<p>Wir sind nicht bereit oder verpflichtet, an Streitbeilegungsverfahren vor einer Verbraucherschlichtungsstelle teilzunehmen.<\/p>\n<p>&nbsp;<\/p>\n<p>&nbsp;<\/p>\n<h2 class=\"wp-block-heading\">Haftung f\u00fcr Inhalte<\/h2>\n<p>Als\u00a0Diensteanbieter sind wir gem\u00e4\u00df \u00a7 7 Abs.1 TMG f\u00fcr eigene Inhalte auf diesen Seiten\u00a0nach den allgemeinen Gesetzen verantwortlich. Nach \u00a7\u00a7 8 bis 10 TMG sind wir als\u00a0Diensteanbieter jedoch nicht verpflichtet, \u00fcbermittelte oder gespeicherte fremde Informationen zu\u00a0\u00fcberwachen oder nach Umst\u00e4nden zu forschen, die auf eine rechtswidrige T\u00e4tigkeit\u00a0hinweisen.<\/p>\n<p>Verpflichtungen zur Entfernung oder Sperrung der Nutzung von\u00a0 Informationen nach\u00a0den allgemeinen Gesetzen bleiben hiervon unber\u00fchrt. Eine diesbez\u00fcgliche Haftung ist jedoch\u00a0erst ab dem Zeitpunkt der Kenntnis einer konkreten Rechtsverletzung m\u00f6glich. Bei Bekanntwerden\u00a0von entsprechenden Rechtsverletzungen werden wir diese Inhalte umgehend entfernen.<\/p>\n<p>&nbsp;<\/p>\n<p>&nbsp;<\/p>\n<h2 class=\"wp-block-heading\">Haftung f\u00fcr Links<\/h2>\n<p>Unser Angebot enth\u00e4lt Links zu externen Webseiten Dritter, auf\u00a0deren Inhalte wir keinen Einfluss haben. Deshalb k\u00f6nnen wir f\u00fcr diese fremden Inhalte auch<br \/>\nkeine Gew\u00e4hr \u00fcbernehmen. F\u00fcr die Inhalte der verlinkten Seiten ist stets der jeweilige\u00a0Anbieter oder Betreiber der Seiten verantwortlich. Die verlinkten Seiten wurden zum Zeitpunkt der\u00a0Verlinkung auf m\u00f6gliche Rechtsverst\u00f6\u00dfe \u00fcberpr\u00fcft. Rechtswidrige Inhalte\u00a0waren zum Zeitpunkt der Verlinkung nicht erkennbar.<\/p>\n<p>Eine permanente inhaltliche Kontrolle der\u00a0verlinkten Seiten ist jedoch ohne konkrete Anhaltspunkte einer Rechtsverletzung nicht zumutbar. Bei\u00a0Bekanntwerden von Rechtsverletzungen werden wir derartige Links umgehend entfernen.<\/p>\n<p>&nbsp;<\/p>\n<p>&nbsp;<\/p>\n<h2 class=\"wp-block-heading\">Urheberrecht<\/h2>\n<p>Die durch die Seitenbetreiber erstellten Inhalte und Werke auf diesen Seiten unterliegen dem deutschen Urheberrecht. Die Vervielf\u00e4ltigung, Bearbeitung, Verbreitung und jede\u00a0Art der Verwertung au\u00dferhalb der Grenzen des Urheberrechtes bed\u00fcrfen der schriftlichen\u00a0Zustimmung des jeweiligen Autors bzw. Erstellers. Downloads und Kopien dieser Seite sind nur f\u00fcr\u00a0den privaten, nicht kommerziellen Gebrauch gestattet.<\/p>\n<p>Soweit die Inhalte auf dieser Seite nicht\u00a0vom Betreiber erstellt wurden, werden die Urheberrechte Dritter beachtet. Insbesondere werden Inhalte Dritter als solche gekennzeichnet. Sollten Sie trotzdem auf eine\u00a0 Urheberrechtsverletzung aufmerksam\u00a0werden, bitten wir um einen entsprechenden Hinweis. Bei Bekanntwerden von Rechtsverletzungen<br \/>\nwerden wir derartige Inhalte umgehend entfernen.<\/p>\n<p>Quelle: <a href=\"https:\/\/www.e-recht24.de\/\">eRecht24<\/a><\/p>\n<\/div>\n<\/div>\n","protected":false},"excerpt":{"rendered":"<p>Angaben gem\u00e4\u00df \u00a7 5 TMG: ParaAir Augsburg West e.V Bernhard Tochtermann Am Anger 16a 86486 Bonstetten &nbsp; Vertreten\u00a0durch: Bernhard Tochtermann (1. Vorstand) Hildegard B\u00fcscher (2. Vorstand) Werner M\u00fcller (Kassenwart) &nbsp; Kontakt: Tel.: +49 8293 5013696 vorstand@paraairaugsburg.de &nbsp; Registereintrag: Eintragung im [&hellip;]<\/p>\n","protected":false},"author":9,"featured_media":0,"parent":0,"menu_order":0,"comment_status":"closed","ping_status":"closed","template":"","meta":{"footnotes":"","_links_to":"","_links_to_target":""},"class_list":["post-6159","page","type-page","status-publish","hentry"],"_links":{"self":[{"href":"https:\/\/www.paraairaugsburg.de\/wp\/wp-json\/wp\/v2\/pages\/6159","targetHints":{"allow":["GET"]}}],"collection":[{"href":"https:\/\/www.paraairaugsburg.de\/wp\/wp-json\/wp\/v2\/pages"}],"about":[{"href":"https:\/\/www.paraairaugsburg.de\/wp\/wp-json\/wp\/v2\/types\/page"}],"author":[{"embeddable":true,"href":"https:\/\/www.paraairaugsburg.de\/wp\/wp-json\/wp\/v2\/users\/9"}],"replies":[{"embeddable":true,"href":"https:\/\/www.paraairaugsburg.de\/wp\/wp-json\/wp\/v2\/comments?post=6159"}],"version-history":[{"count":3,"href":"https:\/\/www.paraairaugsburg.de\/wp\/wp-json\/wp\/v2\/pages\/6159\/revisions"}],"predecessor-version":[{"id":6374,"href":"https:\/\/www.paraairaugsburg.de\/wp\/wp-json\/wp\/v2\/pages\/6159\/revisions\/6374"}],"wp:attachment":[{"href":"https:\/\/www.paraairaugsburg.de\/wp\/wp-json\/wp\/v2\/media?parent=6159"}],"curies":[{"name":"wp","href":"https:\/\/api.w.org\/{rel}","templated":true}]}}